{"id":83,"date":"2011-12-10T19:32:44","date_gmt":"2011-12-10T19:32:44","guid":{"rendered":"http:\/\/www.macovi.cz\/farma\/?page_id=83"},"modified":"2016-04-30T18:11:22","modified_gmt":"2016-04-30T18:11:22","slug":"surikaty","status":"publish","type":"page","link":"https:\/\/www.macovi.cz\/farma\/surikaty","title":{"rendered":"Surikaty"},"content":{"rendered":"<p><a href=\"http:\/\/www.macovi.cz\/farma\/wp-content\/uploads\/2011\/12\/surikaty2.jpg\" data-rel=\"lightbox-image-0\" data-rl_title=\"\" data-rl_caption=\"\"><img loading=\"lazy\" decoding=\"async\" class=\"aligncenter size-full wp-image-84\" title=\"\" src=\"http:\/\/www.macovi.cz\/farma\/wp-content\/uploads\/2011\/12\/surikaty2.jpg\" alt=\"\" width=\"520\" height=\"345\" srcset=\"https:\/\/www.macovi.cz\/farma\/wp-content\/uploads\/2011\/12\/surikaty2.jpg 640w, https:\/\/www.macovi.cz\/farma\/wp-content\/uploads\/2011\/12\/surikaty2-300x199.jpg 300w\" sizes=\"auto, (max-width: 520px) 100vw, 520px\" \/><\/a><\/p>\n<p><strong>Surikata<\/strong> (tak\u00e9 hraba\u010dka surikata, promyka surikata, Suricata suricatta) je denn\u00ed pospolit\u011b \u017eij\u00edc\u00ed promykovit\u00e1 \u0161elma.<\/p>\n\n\t\t<style type=\"text\/css\">\n\t\t\t#gallery-1 {\n\t\t\t\tmargin: auto;\n\t\t\t}\n\t\t\t#gallery-1 .gallery-item {\n\t\t\t\tfloat: left;\n\t\t\t\tmargin-top: 10px;\n\t\t\t\ttext-align: center;\n\t\t\t\twidth: 33%;\n\t\t\t}\n\t\t\t#gallery-1 img {\n\t\t\t\tborder: 2px solid #cfcfcf;\n\t\t\t}\n\t\t\t#gallery-1 .gallery-caption {\n\t\t\t\tmargin-left: 0;\n\t\t\t}\n\t\t\t\/* see gallery_shortcode() in wp-includes\/media.php *\/\n\t\t<\/style>\n\t\t<div id='gallery-1' class='gallery galleryid-83 gallery-columns-3 gallery-size-thumbnail'><dl class='gallery-item'>\n\t\t\t<dt class='gallery-icon landscape'>\n\t\t\t\t<a href='https:\/\/www.macovi.cz\/farma\/wp-content\/uploads\/2011\/12\/021.jpg' title=\"\" data-rl_title=\"\" class=\"rl-gallery-link\" data-rl_caption=\"\" data-rel=\"lightbox-gallery-1\"><img loading=\"lazy\" decoding=\"async\" width=\"150\" height=\"150\" src=\"https:\/\/www.macovi.cz\/farma\/wp-content\/uploads\/2011\/12\/021-150x150.jpg\" class=\"attachment-thumbnail size-thumbnail\" alt=\"\" \/><\/a>\n\t\t\t<\/dt><\/dl><dl class='gallery-item'>\n\t\t\t<dt class='gallery-icon landscape'>\n\t\t\t\t<a href='https:\/\/www.macovi.cz\/farma\/wp-content\/uploads\/2011\/12\/P1010171.jpg' title=\"\" data-rl_title=\"\" class=\"rl-gallery-link\" data-rl_caption=\"\" data-rel=\"lightbox-gallery-1\"><img loading=\"lazy\" decoding=\"async\" width=\"150\" height=\"150\" src=\"https:\/\/www.macovi.cz\/farma\/wp-content\/uploads\/2011\/12\/P1010171-150x150.jpg\" class=\"attachment-thumbnail size-thumbnail\" alt=\"\" \/><\/a>\n\t\t\t<\/dt><\/dl><dl class='gallery-item'>\n\t\t\t<dt class='gallery-icon landscape'>\n\t\t\t\t<a href='https:\/\/www.macovi.cz\/farma\/wp-content\/uploads\/2011\/12\/P1010182.jpg' title=\"\" data-rl_title=\"\" class=\"rl-gallery-link\" data-rl_caption=\"\" data-rel=\"lightbox-gallery-1\"><img loading=\"lazy\" decoding=\"async\" width=\"150\" height=\"150\" src=\"https:\/\/www.macovi.cz\/farma\/wp-content\/uploads\/2011\/12\/P1010182-150x150.jpg\" class=\"attachment-thumbnail size-thumbnail\" alt=\"\" \/><\/a>\n\t\t\t<\/dt><\/dl><br style=\"clear: both\" \/>\n\t\t<\/div>\n\n<p><strong>Vzhled<\/strong><\/p>\n<p>Na obli\u010deji a na spodu t\u011bla jsou surikaty hn\u011bd\u00e9, svrchu st\u0159\u00edbrnohn\u011bd\u00e9, na h\u0159bet\u011b maj\u00ed osm tmav\u0161\u00edch pruh\u016f, tmav\u00e9 krou\u017eky kolem o\u010d\u00ed a tmavou \u0161pi\u010dku \u0161t\u00edhl\u00e9ho ocasu.<\/p>\n<p><strong>Stavba t\u011bla<\/strong><\/p>\n<p>Surikata pou\u017e\u00edv\u00e1 dlouh\u00e9 dr\u00e1py k vyhrab\u00e1v\u00e1n\u00ed doup\u011bte a potravy.<\/p>\n<p><strong>Potrava<\/strong><\/p>\n<p>Potrava surikaty sest\u00e1v\u00e1 z hmyzu (termiti,kobylky nebo saran\u010de), z pavouk\u016f a ze \u0161t\u00edr\u016f (surikaty jsou imunn\u00ed v\u016f\u010di jejich jedu); z men\u0161\u00edch obratlovc\u016f (hadi, je\u0161t\u011brky nebo hlodavci); tak\u00e9 v\u0161ak z ko\u0159en\u016f nebo z cibulek rostlin.<\/p>\n<p><strong>Rozmno\u017eov\u00e1n\u00ed a v\u00fdvin<\/strong><\/p>\n<p>B\u0159ezost trv\u00e1 11 t\u00fddn\u016f a v doup\u011bti se ve zvl\u00e1\u0161tn\u00ed komo\u0159e vylo\u017een\u00e9 tr\u00e1vou rod\u00ed 2 a\u017e 5 ml\u00e1\u010fat.<\/p>\n<p>Ml\u00e1\u010fata se rod\u00ed slep\u00e1, za\u010d\u00ednaj\u00ed vid\u011bt a\u017e od 10 &#8211; 14 dn\u016f. Dominantn\u00ed samice brzy op\u011bt zab\u0159ezne, proto se o jej\u00ed d\u0159\u00edv\u011bj\u0161\u00ed ml\u00e1\u010fata mus\u00ed starat ostatn\u00ed \u010dlenov\u00e9 kolonie. Prvn\u00ed \u010dty\u0159i t\u00fddny \u017eij\u00ed ml\u00e1\u010fata v no\u0159e a \u017eiv\u00ed se mate\u0159sk\u00fdm ml\u00e9kem, kter\u00e9 v\u0161ak nemus\u00ed b\u00fdt jen od jejich matky, ale i od jin\u00e9 sami\u010dky ze skupiny, kter\u00e9 se ml\u00e9ko tvo\u0159\u00ed. V tomto obdob\u00ed jsou velmi zraniteln\u00e1, jestli\u017ee ml\u00e1\u010fata objev\u00ed konkuren\u010dn\u00ed skupina, zabije je. Nedlouho po tom, co ml\u00e1\u010fata vyjdou poprv\u00e9 z nory, jdou se skupinou na prvn\u00ed lov.<\/p>\n<p><strong>Spole\u010densk\u00fd \u017eivot<\/strong><\/p>\n<p>Surikaty tvo\u0159\u00ed kolonie a\u017e o t\u0159iceti \u010dlenech, kter\u00e9 \u017eij\u00ed v podzemn\u00ed soustav\u011b nor, kter\u00e9 d\u0159\u00edve vyhrabaly zemn\u00ed veverky. Kolonii v\u00e9vod\u00ed dominantn\u00ed p\u00e1r, kter\u00fd jedin\u00fd se sm\u00ed rozmno\u017eovat. Kdy\u017e p\u0159eci jen zab\u0159ezne n\u011bjak\u00e1 jin\u00e1 samice, z\u00e1le\u017e\u00ed na dominantn\u00edm p\u00e1ru, zda a kolik ml\u00e1\u010fat p\u0159e\u017eije. Dominantn\u00ed sami\u010dka m\u016f\u017ee zab\u00edt ml\u00e1\u010fata jin\u00e9 sami\u010dky, aby zabezpe\u010dila p\u0159e\u017eit\u00ed vlastn\u00edch ml\u00e1\u010fat. V\u011bt\u0161inou v\u0161ak dominantn\u00ed sami\u010dka vy\u017eene jinou b\u0159ez\u00ed sami\u010dku. Osam\u011bl\u00e1 vyhnan\u00e1 sami\u010dka nem\u00e1 velk\u00e9 \u0161ance na p\u0159e\u017eit\u00ed. Bu\u010f o ml\u00e1\u010fata p\u0159ijde nebo po porodu opust\u00ed vlastn\u00ed ml\u00e1\u010fata, o kter\u00e9 se nedok\u00e1\u017ee sama postarat. Jej\u00ed ml\u00e1\u010fata tak\u00e9 m\u016f\u017eou zab\u00edt surikaty z jin\u00e9 skupiny, p\u0159\u00edpadn\u011b se sama m\u016f\u017ee st\u00e1t ob\u011bt\u00ed dravce. M\u016f\u017ee i zahynout na n\u00e1sledky podv\u00fd\u017eivy a podchlazen\u00ed. Sami\u010dka bez ml\u00e1\u010fat m\u00e1 \u0161anci p\u0159ipojit se zp\u011bt k p\u016fvodn\u00ed rodin\u011b. N\u011bkdy se spoj\u00ed s osam\u011bl\u00fdmi samci a zalo\u017e\u00ed novou rodinu.<\/p>\n<p>Brzy r\u00e1no vyl\u00e9zaj\u00ed surikaty z nor, posedaj\u00ed a slun\u00ed se (v noci kles\u00e1 teplota na pou\u0161ti k nule), pot\u00e9 vyhled\u00e1vaj\u00ed potravu.<\/p>\n<p><strong>Biotop<\/strong><\/p>\n<p>Such\u00e1 savana, polopou\u0161t\u011b a pou\u0161t\u011b.<\/p>\n<p><strong>Hl\u00eddka proti dravc\u016fm<\/strong><\/p>\n<p>V dob\u011b, kdy v\u011bt\u0161ina \u010dlen\u016f kolonie hled\u00e1 potravu, n\u011bkte\u0159\u00ed jedinci z kolonie jsou pov\u011b\u0159eni hl\u00eddkov\u00e1n\u00edm proti jejich pred\u00e1tor\u016fm. Surikata dob\u0159e vid\u00ed do d\u00e1lky, h\u016f\u0159e u\u017e na bl\u00edzko.<\/p>\n<p>Hl\u00eddky stoj\u00ed vzp\u0159\u00edmen\u00e9 na vyv\u00fd\u0161enin\u00e1ch nebo ke\u0159\u00edch, odkud v p\u0159\u00edpad\u011b nebezpe\u010d\u00ed vyd\u00e1vaj\u00ed varovn\u00e9 pi\u0161t\u011bn\u00ed nebo kvok\u00e1n\u00ed. Ostr\u00e9 \u0161t\u011bkav\u00e9 a vr\u010div\u00e9 zvuky jsou nal\u00e9hav\u011bj\u0161\u00ed, oznamuj\u00ed v\u011bt\u0161\u00ed ohro\u017een\u00ed, po kter\u00e9m se surikaty ihned ukryj\u00ed do nor.<\/p>\n<p>Na na\u0161\u00ed farm\u011b m\u00e1me 4 chovn\u00e9 p\u00e1ry a celkem 14 jedinc\u016f . V bl\u00edzk\u00e9 dob\u011b 5 \u010dlen\u00e1 rodina odch\u00e1z\u00ed do http:\/\/www.zoobojnice.sk\/. <\/p>\n","protected":false},"excerpt":{"rendered":"<p>Surikata (tak\u00e9 hraba\u010dka surikata, promyka surikata, Suricata suricatta) je denn\u00ed pospolit\u011b \u017eij\u00edc\u00ed promykovit\u00e1 \u0161elma. Vzhled Na obli\u010deji a na spodu t\u011bla jsou surikaty hn\u011bd\u00e9, svrchu st\u0159\u00edbrnohn\u011bd\u00e9, na h\u0159bet\u011b maj\u00ed osm tmav\u0161\u00edch pruh\u016f, tmav\u00e9 krou\u017eky kolem o\u010d\u00ed a tmavou \u0161pi\u010dku \u0161t\u00edhl\u00e9ho ocasu. Stavba t\u011bla Surikata pou\u017e\u00edv\u00e1 dlouh\u00e9 dr\u00e1py k vyhrab\u00e1v\u00e1n\u00ed doup\u011bte a potravy. Potrava Potrava surikaty [&hellip;]<\/p>\n","protected":false},"author":2,"featured_media":0,"parent":0,"menu_order":4,"comment_status":"closed","ping_status":"closed","template":"page-template-fullwidth.php","meta":{"_et_pb_use_builder":"","_et_pb_old_content":"","_et_gb_content_width":"","footnotes":""},"class_list":["post-83","page","type-page","status-publish","hentry"],"aioseo_notices":[],"_links":{"self":[{"href":"https:\/\/www.macovi.cz\/farma\/wp-json\/wp\/v2\/pages\/83","targetHints":{"allow":["GET"]}}],"collection":[{"href":"https:\/\/www.macovi.cz\/farma\/wp-json\/wp\/v2\/pages"}],"about":[{"href":"https:\/\/www.macovi.cz\/farma\/wp-json\/wp\/v2\/types\/page"}],"author":[{"embeddable":true,"href":"https:\/\/www.macovi.cz\/farma\/wp-json\/wp\/v2\/users\/2"}],"replies":[{"embeddable":true,"href":"https:\/\/www.macovi.cz\/farma\/wp-json\/wp\/v2\/comments?post=83"}],"version-history":[{"count":2,"href":"https:\/\/www.macovi.cz\/farma\/wp-json\/wp\/v2\/pages\/83\/revisions"}],"predecessor-version":[{"id":294,"href":"https:\/\/www.macovi.cz\/farma\/wp-json\/wp\/v2\/pages\/83\/revisions\/294"}],"wp:attachment":[{"href":"https:\/\/www.macovi.cz\/farma\/wp-json\/wp\/v2\/media?parent=83"}],"curies":[{"name":"wp","href":"https:\/\/api.w.org\/{rel}","templated":true}]}}