{"id":219,"date":"2014-11-06T16:48:28","date_gmt":"2014-11-06T16:48:28","guid":{"rendered":"http:\/\/www.macovi.cz\/farma\/?page_id=219"},"modified":"2016-04-29T15:24:56","modified_gmt":"2016-04-29T15:24:56","slug":"voduska-cervena","status":"publish","type":"page","link":"https:\/\/www.macovi.cz\/farma\/voduska-cervena","title":{"rendered":"Vodu\u0161ka \u010derven\u00e1"},"content":{"rendered":"<p><strong>Vodu\u0161ka \u010derven\u00e1<\/strong> \u010dili le\u010dve (Kobus leche) je st\u0159edn\u011b velk\u00e1 antilopa ob\u00fdvaj\u00edc\u00ed St\u0159edn\u00ed a Ji\u017en\u00ed Afriku, konkr\u00e9tn\u011b \u00fazem\u00ed jihov\u00fdchodn\u00ed \u010d\u00e1sti Demokratick\u00e9 republiky Kongo, oblasti pobl\u00ed\u017e \u0159eky Okavango v Botswan\u011b a \u0159eky Kafue a jezera Bangweulu v Zambii.<\/p>\n<p>Kohoutkov\u00e1 v\u00fd\u0161ka u vodu\u0161ky \u010derven\u00e9 se pohybuje mezi 19-100 cm, t\u011blo je dlouh\u00e9 1,3-2,4 m a hmotnost se pohybuje mezi 70 a\u017e 120 kg. Srst na horn\u00ed stran\u011b t\u011bla je zbarvena ka\u0161tanov\u011b a\u017e \u010dern\u011b a kontrastuje s b\u00edlou spodinou t\u011bla a hrdlem a \u010dern\u00fdmi p\u00e1skami na noh\u00e1ch. Samci b\u00fdvaj\u00ed tmav\u011bj\u0161\u00ed a na rozd\u00edl od samic maj\u00ed a\u017e 90 cm dlouh\u00e9 spir\u00e1lovit\u00e9 rohy. Zadn\u00ed kon\u010detiny jsou o n\u011bco del\u0161\u00ed ne\u017e u jin\u00fdch druh\u016f antilop, co\u017e tvo\u0159\u00ed stejn\u011b jako prodlou\u017een\u00e9 kopyta, kter\u00e1 se p\u0159i do\u0161l\u00e1pnut\u00ed rozlo\u017e\u00ed, adaptaci k lep\u0161\u00edmu a rychlej\u0161\u00edmu brod\u011bn\u00ed v ba\u017einat\u00fdch a zaplaven\u00fdch oblastech.<\/p>\n<p>Ob\u00fdv\u00e1 v\u011bt\u0161inou ba\u017einat\u00e9 oblasti nebo okol\u00ed \u0159ek a jezer, kde po\u017e\u00edr\u00e1 vodn\u00ed rostliny, kter\u00e9 jsou dostupn\u00e9 v z\u00e1vislosti na v\u00fd\u0161i vodn\u00ed hladiny. Pokud spat\u0159\u00ed nebezpe\u010d\u00ed, velice rychle ute\u010de do vody a to i do hloubky, kdy jim je voda po kolena. To v\u011bt\u0161inu jejich hlavn\u00edch pred\u00e1tor\u016f, kter\u00e9 tvo\u0159\u00ed v\u011bt\u0161\u00ed \u0161elmy, odrad\u00ed. Jsou tak\u00e9 skv\u011bl\u00fdmi plavci a d\u00edky v\u011bt\u0161\u00ed d\u00e9lce sv\u00fdch ko\u010detin, jak u\u017e bylo zm\u00edn\u011bno v\u00fd\u0161e, se dok\u00e1\u017ee pom\u011brn\u011b rychle a ladn\u011b pohybovat i po povrchu pokryt\u00fdm bahnem.<\/p>\n<p>Vodu\u0161ka \u010derven\u00e1 je aktivn\u00ed ve dne. \u017dije v ohromn\u00fdch st\u00e1dech, kter\u00e9 mohou \u010d\u00edtat n\u011bkolik stovek, ba i tis\u00edc\u016f jedinc\u016f a m\u00e1 syst\u00e9m mal\u00fdch teritori\u00ed zvan\u00fdch leky. \u010clenov\u00e9 jednoho st\u00e1da b\u00fdvaj\u00ed obvykle jednoho pohlav\u00ed, a\u017e na obdob\u00ed p\u00e1\u0159en\u00ed, kdy se jednotliv\u00e1 st\u00e1da navz\u00e1jem prom\u00edch\u00e1vaj\u00ed. P\u0159ed p\u00e1\u0159en\u00edm spolu samci agresivn\u011b z\u00e1pas\u00ed, k \u010demu\u017e pou\u017e\u00edvaj\u00ed sv\u00e9 rohy. Samice rod\u00ed po 225 dnech b\u0159ezosti jedin\u00e9 ml\u00e1d\u011b, kter\u00e9 odkl\u00e1d\u00e1 a chod\u00ed jej kojit.<\/p>\n<p>Vodu\u0161ka \u010derven\u00e1 se m\u016f\u017ee do\u017e\u00edt a\u017e 15 let.<br \/>\nVodu\u0161ka \u010derven\u00e1 je zapsan\u00e1 na \u010derven\u00e9m seznamu IUCN v kategorii: ni\u017e\u0161\u00ed riziko ohro\u017een\u00ed LOWER RISK (LR), stupe\u0148(cd).<br \/>\nNa na\u0161\u00ed farm\u011b najdete 2 samce se 3 samicemi a prvn\u00edm na\u0161\u00edm p\u0159\u00edrustkem, kter\u00fd se narodil 5.7.2013 &#8211;  same\u010dek Cooki .<\/p>\n","protected":false},"excerpt":{"rendered":"<p>Vodu\u0161ka \u010derven\u00e1 \u010dili le\u010dve (Kobus leche) je st\u0159edn\u011b velk\u00e1 antilopa ob\u00fdvaj\u00edc\u00ed St\u0159edn\u00ed a Ji\u017en\u00ed Afriku, konkr\u00e9tn\u011b \u00fazem\u00ed jihov\u00fdchodn\u00ed \u010d\u00e1sti Demokratick\u00e9 republiky Kongo, oblasti pobl\u00ed\u017e \u0159eky Okavango v Botswan\u011b a \u0159eky Kafue a jezera Bangweulu v Zambii. Kohoutkov\u00e1 v\u00fd\u0161ka u vodu\u0161ky \u010derven\u00e9 se pohybuje mezi 19-100 cm, t\u011blo je dlouh\u00e9 1,3-2,4 m a hmotnost se pohybuje [&hellip;]<\/p>\n","protected":false},"author":2,"featured_media":0,"parent":0,"menu_order":7,"comment_status":"closed","ping_status":"closed","template":"page-template-fullwidth.php","meta":{"_et_pb_use_builder":"","_et_pb_old_content":"","_et_gb_content_width":"","footnotes":""},"class_list":["post-219","page","type-page","status-publish","hentry"],"aioseo_notices":[],"_links":{"self":[{"href":"https:\/\/www.macovi.cz\/farma\/wp-json\/wp\/v2\/pages\/219","targetHints":{"allow":["GET"]}}],"collection":[{"href":"https:\/\/www.macovi.cz\/farma\/wp-json\/wp\/v2\/pages"}],"about":[{"href":"https:\/\/www.macovi.cz\/farma\/wp-json\/wp\/v2\/types\/page"}],"author":[{"embeddable":true,"href":"https:\/\/www.macovi.cz\/farma\/wp-json\/wp\/v2\/users\/2"}],"replies":[{"embeddable":true,"href":"https:\/\/www.macovi.cz\/farma\/wp-json\/wp\/v2\/comments?post=219"}],"version-history":[{"count":2,"href":"https:\/\/www.macovi.cz\/farma\/wp-json\/wp\/v2\/pages\/219\/revisions"}],"predecessor-version":[{"id":295,"href":"https:\/\/www.macovi.cz\/farma\/wp-json\/wp\/v2\/pages\/219\/revisions\/295"}],"wp:attachment":[{"href":"https:\/\/www.macovi.cz\/farma\/wp-json\/wp\/v2\/media?parent=219"}],"curies":[{"name":"wp","href":"https:\/\/api.w.org\/{rel}","templated":true}]}}