{"id":216,"date":"2014-11-06T16:46:47","date_gmt":"2014-11-06T16:46:47","guid":{"rendered":"http:\/\/www.macovi.cz\/farma\/?page_id=216"},"modified":"2016-04-30T18:11:22","modified_gmt":"2016-04-30T18:11:22","slug":"dexter","status":"publish","type":"page","link":"https:\/\/www.macovi.cz\/farma\/dexter","title":{"rendered":"Dexter"},"content":{"rendered":"<p><strong>Dexter<\/strong> je nejmen\u0161\u00ed evropsk\u00e9 plemeno skotu. Je to trpasli\u010d\u00ed verze irsk\u00e9ho plemene kerry, v\u00fd\u0161ka krav v k\u0159\u00ed\u017ei je pouze 96\u2013104 cm a hmotnost okolo 300 kg. Je to skot s dvoustrannou u\u017eitkovost\u00ed, dlouhov\u011bk\u00fd a nen\u00e1ro\u010dn\u00fd, popul\u00e1rn\u00ed zvl\u00e1\u0161t\u011b v mal\u00fdch dom\u00e1c\u00edch chovech.<\/p>\n<p>Dexter je plemeno poch\u00e1zej\u00edc\u00ed z jihoz\u00e1padn\u00edho Irska a je p\u0159\u00edm\u00fdm potomkem \u010dern\u00e9ho skotu Kelt\u016f. Vy\u0161lecht\u011bno bylo v 18. stolet\u00ed panem Dexterem, c\u00edlem bylo vytvo\u0159it mal\u00e9 plemeno skotu s dobrou ml\u00e9\u010dnou i masnou u\u017eitkovost\u00ed. Na po\u010d\u00e1tku plemene st\u00e1la mal\u00e1 kr\u00e1va s kr\u00e1tk\u00fdmi kon\u010detinami a b\u00fdk plemene kerry.[1] Do Velk\u00e9 Brit\u00e1nie se plemeno dostalo v roce 1882 a v roce 1892 byla zalo\u017eena Dexter Cattle Society.<\/p>\n<p><strong>Charakteristika plemene<\/strong><br \/>\nDexter je miniaturn\u00ed plemeno skotu, v dosp\u011blosti m\u00e1 polovi\u010dn\u00ed velikost oproti st\u0159edn\u00edm plemen\u016fm, jako je herefordsk\u00fd skot, a jen t\u0159etinovou v\u00fd\u0161ku oproti velk\u00fdm plemen\u016fm, jako je hol\u0161t\u00fdn. M\u00e1 \u0161irok\u00fd a hlubok\u00fd trup a siln\u011b osvalenou z\u00e1\u010f, hlava je kr\u00e1tk\u00e1 a \u0161irok\u00e1. V\u011bt\u0161\u00edna zv\u00ed\u0159at je rohat\u00e1, rohy sm\u011b\u0159uj\u00ed nahoru. Kon\u010detiny jsou kr\u00e1tk\u00e9, u \u010d\u00e1sti zv\u00ed\u0159at je zkr\u00e1cen\u00ed kon\u010detin v\u00fdrazn\u011bj\u0161\u00ed a to \u010dasto b\u00fdv\u00e1 zp\u016fsobeno p\u0159\u00edtomnost\u00ed genu zp\u016fsobuj\u00edc\u00ed chondrodysplazii, poruchu r\u016fstu chrupavek, kter\u00e1 je sv\u00e9 heterozygotn\u00ed podob\u011b zp\u016fsobuje trpasli\u010d\u00ed vzr\u016fst. <\/p>\n<p>V\u011bt\u0161ina zv\u00ed\u0159at je \u010dern\u00fdch, ob\u010das se vyskytuj\u00ed \u010derven\u00e1 a \u0161edohn\u011bd\u00e1 zv\u00ed\u0159ata.<br \/>\nNa\u0161e farma chov\u00e1 2 kravi\u010dky a jednoho b\u00fd\u010dka \u010dern\u00e9 barvy.<\/p>\n","protected":false},"excerpt":{"rendered":"<p>Dexter je nejmen\u0161\u00ed evropsk\u00e9 plemeno skotu. Je to trpasli\u010d\u00ed verze irsk\u00e9ho plemene kerry, v\u00fd\u0161ka krav v k\u0159\u00ed\u017ei je pouze 96\u2013104 cm a hmotnost okolo 300 kg. Je to skot s dvoustrannou u\u017eitkovost\u00ed, dlouhov\u011bk\u00fd a nen\u00e1ro\u010dn\u00fd, popul\u00e1rn\u00ed zvl\u00e1\u0161t\u011b v mal\u00fdch dom\u00e1c\u00edch chovech. Dexter je plemeno poch\u00e1zej\u00edc\u00ed z jihoz\u00e1padn\u00edho Irska a je p\u0159\u00edm\u00fdm potomkem \u010dern\u00e9ho skotu Kelt\u016f. [&hellip;]<\/p>\n","protected":false},"author":2,"featured_media":0,"parent":0,"menu_order":6,"comment_status":"closed","ping_status":"closed","template":"page-template-fullwidth.php","meta":{"_et_pb_use_builder":"","_et_pb_old_content":"","_et_gb_content_width":"","footnotes":""},"class_list":["post-216","page","type-page","status-publish","hentry"],"aioseo_notices":[],"_links":{"self":[{"href":"https:\/\/www.macovi.cz\/farma\/wp-json\/wp\/v2\/pages\/216","targetHints":{"allow":["GET"]}}],"collection":[{"href":"https:\/\/www.macovi.cz\/farma\/wp-json\/wp\/v2\/pages"}],"about":[{"href":"https:\/\/www.macovi.cz\/farma\/wp-json\/wp\/v2\/types\/page"}],"author":[{"embeddable":true,"href":"https:\/\/www.macovi.cz\/farma\/wp-json\/wp\/v2\/users\/2"}],"replies":[{"embeddable":true,"href":"https:\/\/www.macovi.cz\/farma\/wp-json\/wp\/v2\/comments?post=216"}],"version-history":[{"count":2,"href":"https:\/\/www.macovi.cz\/farma\/wp-json\/wp\/v2\/pages\/216\/revisions"}],"predecessor-version":[{"id":218,"href":"https:\/\/www.macovi.cz\/farma\/wp-json\/wp\/v2\/pages\/216\/revisions\/218"}],"wp:attachment":[{"href":"https:\/\/www.macovi.cz\/farma\/wp-json\/wp\/v2\/media?parent=216"}],"curies":[{"name":"wp","href":"https:\/\/api.w.org\/{rel}","templated":true}]}}